{"id":111,"date":"2023-02-08T11:33:16","date_gmt":"2023-02-08T11:33:16","guid":{"rendered":"https:\/\/test1.novaceramic.md\/?page_id=111"},"modified":"2025-12-15T10:29:38","modified_gmt":"2025-12-15T10:29:38","slug":"achitare-si-livrare","status":"publish","type":"page","link":"https:\/\/novaceramic.md\/ru\/achitare-si-livrare\/","title":{"rendered":"\u041e\u043f\u043b\u0430\u0442\u0430 \u0438 \u0434\u043e\u0441\u0442\u0430\u0432\u043a\u0430"},"content":{"rendered":"<p><strong>Achitare on-line<\/strong><\/p>\n<p>Achitarea on-line este posibil\u0103 a fi efectuat\u0103 prin intermediul cardului bancar. \u00cen cazul op\u021biunii de achitare prin intermediul cardului bancar, plata se va efectua dup\u0103 plasarea comenzii. Accept\u0103m pl\u0103\u021bi prin urm\u0103toarele tipuri de carduri bancare: Visa, MasterCard, Maestro.<\/p>\n<p><strong>Achitare la recep\u021bionare<\/strong><\/p>\n<p>Achitarea se efectueaz\u0103 la recep\u021bionarea m\u0103rfurilor, indiferent de modalitate: preluare de la punctul de emitere sau livrare prin intermediul serviciului de curierat. Marfa poate fi achitat\u0103 prin numerar sau prin intermediul cardului bancar.<\/p>\n<p>1) Achitarea \u00een numerar<br \/>2) Achitarea cu card bancar<\/p>\n<p><strong>Livrare<\/strong><\/p>\n<p><strong>Prin Chi\u0219in\u0103u (municipiu)<\/strong><\/p>\n<p>A doua zi, dup\u0103 plasarea comenzii de la 09:00 la 20:00.<\/p>\n<p><strong>\u00cen toate regiunile \u021b\u0103rii<\/strong><\/p>\n<p>Livrare \u00een termen de 2 zile<\/p>\n<p><strong>Costul livr\u0103rii<\/strong> se stabileste \u00een func\u021bie de regiune si valoarea comenzii.<\/p>\n<p><strong>Ridicare personal\u0103<\/strong><\/p>\n<p>Prelua\u021bi comanda de la punctul de emitere<\/p>\n<p>\u00a0<\/p><p><\/p>","protected":false},"excerpt":{"rendered":"<p>Achitare on-line Achitarea on-line este posibil\u0103 a fi efectuat\u0103 prin intermediul cardului bancar. \u00cen cazul op\u021biunii de achitare prin intermediul<\/p>","protected":false},"author":1,"featured_media":0,"parent":0,"menu_order":0,"comment_status":"closed","ping_status":"closed","template":"","meta":{"footnotes":""},"class_list":["post-111","page","type-page","status-publish","hentry"],"acf":[],"_links":{"self":[{"href":"https:\/\/novaceramic.md\/ru\/wp-json\/wp\/v2\/pages\/111","targetHints":{"allow":["GET"]}}],"collection":[{"href":"https:\/\/novaceramic.md\/ru\/wp-json\/wp\/v2\/pages"}],"about":[{"href":"https:\/\/novaceramic.md\/ru\/wp-json\/wp\/v2\/types\/page"}],"author":[{"embeddable":true,"href":"https:\/\/novaceramic.md\/ru\/wp-json\/wp\/v2\/users\/1"}],"replies":[{"embeddable":true,"href":"https:\/\/novaceramic.md\/ru\/wp-json\/wp\/v2\/comments?post=111"}],"version-history":[{"count":7,"href":"https:\/\/novaceramic.md\/ru\/wp-json\/wp\/v2\/pages\/111\/revisions"}],"predecessor-version":[{"id":10288,"href":"https:\/\/novaceramic.md\/ru\/wp-json\/wp\/v2\/pages\/111\/revisions\/10288"}],"wp:attachment":[{"href":"https:\/\/novaceramic.md\/ru\/wp-json\/wp\/v2\/media?parent=111"}],"curies":[{"name":"wp","href":"https:\/\/api.w.org\/{rel}","templated":true}]}}