{"id":69,"date":"2023-02-06T15:52:49","date_gmt":"2023-02-06T15:52:49","guid":{"rendered":"https:\/\/test1.novaceramic.md\/?page_id=69"},"modified":"2025-01-12T20:37:50","modified_gmt":"2025-01-12T20:37:50","slug":"despre-noi","status":"publish","type":"page","link":"https:\/\/novaceramic.md\/ru\/despre-noi\/","title":{"rendered":"\u041e \u043d\u0430\u0441"},"content":{"rendered":"<div data-elementor-type=\"wp-page\" data-elementor-id=\"69\" class=\"elementor elementor-69\" data-elementor-post-type=\"page\">\n\t\t\t\t<div class=\"elementor-element elementor-element-1cb236b wd-section-stretch-content e-flex e-con-boxed e-con e-parent\" data-id=\"1cb236b\" data-element_type=\"container\" data-settings=\"{&quot;background_background&quot;:&quot;classic&quot;}\">\n\t\t\t\t\t<div class=\"e-con-inner\">\n\t\t\t\t<div class=\"elementor-element elementor-element-f57b261 elementor-hidden-tablet elementor-hidden-mobile wd-el-breadcrumbs text-left elementor-widget elementor-widget-wd_wc_breadcrumb\" data-id=\"f57b261\" data-element_type=\"widget\" data-widget_type=\"wd_wc_breadcrumb.default\">\n\t\t\t\t<div class=\"elementor-widget-container\">\n\t\t\t\t\t<nav class=\"wd-breadcrumbs woocommerce-breadcrumb\" aria-label=\"Breadcrumb\">\t\t\t\t<span class=\"wd-last\">\n\t\t\t\t\t\u0413\u043b\u0430\u0432\u043d\u0430\u044f\t\t\t\t<\/span>\n\t\t\t<\/nav>\t\t\t\t<\/div>\n\t\t\t\t<\/div>\n\t\t\t\t<div class=\"elementor-element elementor-element-0b636dc text-center elementor-hidden-desktop wd-el-breadcrumbs elementor-widget elementor-widget-wd_wc_breadcrumb\" data-id=\"0b636dc\" data-element_type=\"widget\" data-widget_type=\"wd_wc_breadcrumb.default\">\n\t\t\t\t<div class=\"elementor-widget-container\">\n\t\t\t\t\t<nav class=\"wd-breadcrumbs woocommerce-breadcrumb\" aria-label=\"Breadcrumb\">\t\t\t\t<span class=\"wd-last\">\n\t\t\t\t\t\u0413\u043b\u0430\u0432\u043d\u0430\u044f\t\t\t\t<\/span>\n\t\t\t<\/nav>\t\t\t\t<\/div>\n\t\t\t\t<\/div>\n\t\t\t\t<div class=\"elementor-element elementor-element-8e60e2e elementor-widget elementor-widget-heading\" data-id=\"8e60e2e\" data-element_type=\"widget\" data-widget_type=\"heading.default\">\n\t\t\t\t<div class=\"elementor-widget-container\">\n\t\t\t\t\t<h2 class=\"elementor-heading-title elementor-size-default\">\u041e \u043d\u0430\u0441<\/h2>\t\t\t\t<\/div>\n\t\t\t\t<\/div>\n\t\t\t\t\t<\/div>\n\t\t\t\t<\/div>\n\t\t<div class=\"elementor-element elementor-element-e03fa07 wd-section-stretch-content e-flex e-con-boxed e-con e-parent\" data-id=\"e03fa07\" data-element_type=\"container\">\n\t\t\t\t\t<div class=\"e-con-inner\">\n\t\t<div class=\"elementor-element elementor-element-431467e e-con-full e-flex e-con e-child\" data-id=\"431467e\" data-element_type=\"container\">\n\t\t\t\t<div class=\"elementor-element elementor-element-2e196f1 elementor-widget elementor-widget-image\" data-id=\"2e196f1\" data-element_type=\"widget\" data-widget_type=\"image.default\">\n\t\t\t\t<div class=\"elementor-widget-container\">\n\t\t\t\t\t\t\t\t\t\t\t\t\t\t\t<img fetchpriority=\"high\" decoding=\"async\" width=\"1024\" height=\"1024\" src=\"https:\/\/novaceramic.md\/wp-content\/themes\/novaceramic.md\/images\/lazy.png\" class=\"attachment-large size-large wp-image-8271 wd-lazy-load wd-lazy-fade\" alt=\"\" srcset=\"\" sizes=\"(max-width: 1024px) 100vw, 1024px\" data-wood-src=\"https:\/\/novaceramic.md\/wp-content\/uploads\/2025\/01\/logo_dark-1-1024x1024.png\" data-srcset=\"https:\/\/novaceramic.md\/wp-content\/uploads\/2025\/01\/logo_dark-1-1024x1024.png 1024w, https:\/\/novaceramic.md\/wp-content\/uploads\/2025\/01\/logo_dark-1-300x300.png 300w, https:\/\/novaceramic.md\/wp-content\/uploads\/2025\/01\/logo_dark-1-150x150.png 150w, https:\/\/novaceramic.md\/wp-content\/uploads\/2025\/01\/logo_dark-1-768x768.png 768w, https:\/\/novaceramic.md\/wp-content\/uploads\/2025\/01\/logo_dark-1-12x12.png 12w, https:\/\/novaceramic.md\/wp-content\/uploads\/2025\/01\/logo_dark-1-600x600.png 600w, https:\/\/novaceramic.md\/wp-content\/uploads\/2025\/01\/logo_dark-1.png 1080w\" \/>\t\t\t\t\t\t\t\t\t\t\t\t\t\t\t<\/div>\n\t\t\t\t<\/div>\n\t\t\t\t<\/div>\n\t\t<div class=\"elementor-element elementor-element-0804c6c e-con-full e-flex e-con e-child\" data-id=\"0804c6c\" data-element_type=\"container\">\n\t\t\t\t<div class=\"elementor-element elementor-element-6c3cd49 color-scheme-inherit text-left elementor-widget elementor-widget-text-editor\" data-id=\"6c3cd49\" data-element_type=\"widget\" data-widget_type=\"text-editor.default\">\n\t\t\t\t<div class=\"elementor-widget-container\">\n\t\t\t\t\t\t\t\t\t<p>Aducem natura \u00een starea ta<\/p>\t\t\t\t\t\t\t\t<\/div>\n\t\t\t\t<\/div>\n\t\t\t\t<\/div>\n\t\t\t\t\t<\/div>\n\t\t\t\t<\/div>\n\t\t<div class=\"elementor-element elementor-element-6abb90a wd-section-stretch-content e-flex e-con-boxed e-con e-parent\" data-id=\"6abb90a\" data-element_type=\"container\" data-settings=\"{&quot;background_background&quot;:&quot;classic&quot;}\">\n\t\t\t\t\t<div class=\"e-con-inner\">\n\t\t<div class=\"elementor-element elementor-element-e13079b e-con-full e-flex e-con e-child\" data-id=\"e13079b\" data-element_type=\"container\">\n\t\t\t\t<div class=\"elementor-element elementor-element-a747345 color-scheme-inherit text-left elementor-widget elementor-widget-text-editor\" data-id=\"a747345\" data-element_type=\"widget\" data-widget_type=\"text-editor.default\">\n\t\t\t\t<div class=\"elementor-widget-container\">\n\t\t\t\t\t\t\t\t\t<p>Din pere\u021bi \u00een locul pe care \u00eel nume\u0219ti acas\u0103.<br \/>Nova Ceramic este compania fondat\u0103 \u00een anul 2020, suntem importatori direc\u021bi de gresie \u0219i faian\u021b\u0103 de la cele mai de top fabrici din Spania, Turcia \u0219i India.<br \/>Oferim solu\u021bii durabile ce dau personalitate oric\u0103rui interior prin intermediul materialelor de gresie \u0219i faian\u021b\u0103, inspirate din natur\u0103.<br \/>Suntem aten\u021bi la tendin\u021be, dar \u00een\u021belegem c\u0103 adev\u0103ratul stil este cel care \u00eembin\u0103 aspectul cu func\u021bionalitatea.<br \/>Astfel avem grij\u0103 s\u0103 asigur\u0103m o alegere divers\u0103 de materiale care vor rezista \u00een timp, pentru a da form\u0103 unor spa\u021bii care te vor bucura o via\u021b\u0103 \u00eentreag\u0103.<br \/>Dorim s\u0103 avem o colaborare frumoas\u0103 cu fiecare client \u0219i partener al nostru de aceea opt\u0103m pentru calitate \u0219i deservire la cel mai \u00eenalt nivel.<br \/>V\u0103 a\u0219tept\u0103m cu mare drag \u00een showroomul nostru Nova Ceramic din municipiul Chi\u0219in\u0103u , strada Uzinelor 11\/W.<\/p>\t\t\t\t\t\t\t\t<\/div>\n\t\t\t\t<\/div>\n\t\t\t\t<\/div>\n\t\t<div class=\"elementor-element elementor-element-a51a61c e-con-full e-flex e-con e-child\" data-id=\"a51a61c\" data-element_type=\"container\">\n\t\t\t\t<div class=\"elementor-element elementor-element-86ba290 elementor-widget elementor-widget-image\" data-id=\"86ba290\" data-element_type=\"widget\" data-widget_type=\"image.default\">\n\t\t\t\t<div class=\"elementor-widget-container\">\n\t\t\t\t\t\t\t\t\t\t\t\t\t\t\t<img decoding=\"async\" width=\"819\" height=\"1024\" src=\"https:\/\/novaceramic.md\/wp-content\/themes\/novaceramic.md\/images\/lazy.png\" class=\"attachment-large size-large wp-image-8272 wd-lazy-load wd-lazy-fade\" alt=\"\" srcset=\"\" sizes=\"(max-width: 819px) 100vw, 819px\" data-wood-src=\"https:\/\/novaceramic.md\/wp-content\/uploads\/2025\/01\/about-image-819x1024.jpeg\" data-srcset=\"https:\/\/novaceramic.md\/wp-content\/uploads\/2025\/01\/about-image-819x1024.jpeg 819w, https:\/\/novaceramic.md\/wp-content\/uploads\/2025\/01\/about-image-240x300.jpeg 240w, https:\/\/novaceramic.md\/wp-content\/uploads\/2025\/01\/about-image-768x960.jpeg 768w, https:\/\/novaceramic.md\/wp-content\/uploads\/2025\/01\/about-image-1229x1536.jpeg 1229w, https:\/\/novaceramic.md\/wp-content\/uploads\/2025\/01\/about-image-10x12.jpeg 10w, https:\/\/novaceramic.md\/wp-content\/uploads\/2025\/01\/about-image-600x750.jpeg 600w, https:\/\/novaceramic.md\/wp-content\/uploads\/2025\/01\/about-image-150x188.jpeg 150w, https:\/\/novaceramic.md\/wp-content\/uploads\/2025\/01\/about-image.jpeg 1440w\" \/>\t\t\t\t\t\t\t\t\t\t\t\t\t\t\t<\/div>\n\t\t\t\t<\/div>\n\t\t\t\t<\/div>\n\t\t\t\t\t<\/div>\n\t\t\t\t<\/div>\n\t\t<div class=\"elementor-element elementor-element-06e4025 wd-section-stretch-content e-flex e-con-boxed e-con e-parent\" data-id=\"06e4025\" data-element_type=\"container\" data-settings=\"{&quot;background_background&quot;:&quot;classic&quot;}\">\n\t\t\t\t\t<div class=\"e-con-inner\">\n\t\t<div class=\"elementor-element elementor-element-f65e1ab e-con-full e-flex e-con e-child\" data-id=\"f65e1ab\" data-element_type=\"container\">\n\t\t\t\t<div class=\"elementor-element elementor-element-e8d3f03 elementor-widget elementor-widget-image\" data-id=\"e8d3f03\" data-element_type=\"widget\" data-widget_type=\"image.default\">\n\t\t\t\t<div class=\"elementor-widget-container\">\n\t\t\t\t\t\t\t\t\t\t\t\t\t\t\t<img decoding=\"async\" width=\"664\" height=\"1024\" src=\"https:\/\/novaceramic.md\/wp-content\/themes\/novaceramic.md\/images\/lazy.png\" class=\"attachment-large size-large wp-image-8273 wd-lazy-load wd-lazy-fade\" alt=\"\" srcset=\"\" sizes=\"(max-width: 664px) 100vw, 664px\" data-wood-src=\"https:\/\/novaceramic.md\/wp-content\/uploads\/2025\/01\/viber_image_2023-05-08_13-11-58-756-664x1024.jpg\" data-srcset=\"https:\/\/novaceramic.md\/wp-content\/uploads\/2025\/01\/viber_image_2023-05-08_13-11-58-756-664x1024.jpg 664w, https:\/\/novaceramic.md\/wp-content\/uploads\/2025\/01\/viber_image_2023-05-08_13-11-58-756-195x300.jpg 195w, https:\/\/novaceramic.md\/wp-content\/uploads\/2025\/01\/viber_image_2023-05-08_13-11-58-756-768x1184.jpg 768w, https:\/\/novaceramic.md\/wp-content\/uploads\/2025\/01\/viber_image_2023-05-08_13-11-58-756-996x1536.jpg 996w, https:\/\/novaceramic.md\/wp-content\/uploads\/2025\/01\/viber_image_2023-05-08_13-11-58-756-8x12.jpg 8w, https:\/\/novaceramic.md\/wp-content\/uploads\/2025\/01\/viber_image_2023-05-08_13-11-58-756-600x925.jpg 600w, https:\/\/novaceramic.md\/wp-content\/uploads\/2025\/01\/viber_image_2023-05-08_13-11-58-756-150x231.jpg 150w, https:\/\/novaceramic.md\/wp-content\/uploads\/2025\/01\/viber_image_2023-05-08_13-11-58-756.jpg 1038w\" \/>\t\t\t\t\t\t\t\t\t\t\t\t\t\t\t<\/div>\n\t\t\t\t<\/div>\n\t\t\t\t<\/div>\n\t\t<div class=\"elementor-element elementor-element-55545a9 e-con-full e-flex e-con e-child\" data-id=\"55545a9\" data-element_type=\"container\">\n\t\t\t\t<div class=\"elementor-element elementor-element-f8740c8 color-scheme-inherit text-left elementor-widget elementor-widget-text-editor\" data-id=\"f8740c8\" data-element_type=\"widget\" data-widget_type=\"text-editor.default\">\n\t\t\t\t<div class=\"elementor-widget-container\">\n\t\t\t\t\t\t\t\t\t<p>La Nova Ceramic vedem fiecare spa\u021biu<br \/>ca pe o p\u00e2nz\u0103 curat\u0103. Astfel \u00ee\u021bi oferim<br \/>instrumente pentru a-l picta dup\u0103<br \/>propriul plac \u00een nuan\u021bele \u0219i texturile<br \/>naturii. A\u0219a dai contur propriei tale st\u0103ri<br \/>de bine. Nova ceramic- aducem natura \u00een starea ta.<\/p>\t\t\t\t\t\t\t\t<\/div>\n\t\t\t\t<\/div>\n\t\t\t\t<div class=\"elementor-element elementor-element-bdcb2a2 elementor-widget elementor-widget-button\" data-id=\"bdcb2a2\" data-element_type=\"widget\" data-widget_type=\"button.default\">\n\t\t\t\t<div class=\"elementor-widget-container\">\n\t\t\t\t\t\t\t\t\t<div class=\"elementor-button-wrapper\">\n\t\t\t\t\t<a class=\"elementor-button elementor-button-link elementor-size-sm\" href=\"\/ru\/colectii\/\">\n\t\t\t\t\t\t<span class=\"elementor-button-content-wrapper\">\n\t\t\t\t\t\t\t\t\t<span class=\"elementor-button-text\">Descoper\u0103 colec\u021biile<\/span>\n\t\t\t\t\t<\/span>\n\t\t\t\t\t<\/a>\n\t\t\t\t<\/div>\n\t\t\t\t\t\t\t\t<\/div>\n\t\t\t\t<\/div>\n\t\t\t\t<\/div>\n\t\t\t\t\t<\/div>\n\t\t\t\t<\/div>\n\t\t<div class=\"wd-negative-gap elementor-element elementor-element-9161e11 wd-section-stretch-content e-flex e-con-boxed e-con e-parent\" data-id=\"9161e11\" data-element_type=\"container\">\n\t\t\t\t\t<div class=\"e-con-inner\">\n\t\t<div class=\"elementor-element elementor-element-17d1364 e-con-full e-flex e-con e-child\" data-id=\"17d1364\" data-element_type=\"container\">\n\t\t\t\t<div class=\"elementor-element elementor-element-cb19ba9 elementor-widget elementor-widget-heading\" data-id=\"cb19ba9\" data-element_type=\"widget\" data-widget_type=\"heading.default\">\n\t\t\t\t<div class=\"elementor-widget-container\">\n\t\t\t\t\t<h2 class=\"elementor-heading-title elementor-size-default\">Showroom<\/h2>\t\t\t\t<\/div>\n\t\t\t\t<\/div>\n\t\t\t\t<\/div>\n\t\t\t\t<div class=\"elementor-element elementor-element-1e15335 elementor-arrows-position-inside elementor-widget elementor-widget-image-carousel\" data-id=\"1e15335\" data-element_type=\"widget\" data-settings=\"{&quot;navigation&quot;:&quot;arrows&quot;,&quot;image_spacing_custom&quot;:{&quot;unit&quot;:&quot;px&quot;,&quot;size&quot;:15,&quot;sizes&quot;:[]},&quot;autoplay&quot;:&quot;yes&quot;,&quot;pause_on_hover&quot;:&quot;yes&quot;,&quot;pause_on_interaction&quot;:&quot;yes&quot;,&quot;autoplay_speed&quot;:5000,&quot;infinite&quot;:&quot;yes&quot;,&quot;speed&quot;:500,&quot;image_spacing_custom_tablet&quot;:{&quot;unit&quot;:&quot;px&quot;,&quot;size&quot;:&quot;&quot;,&quot;sizes&quot;:[]},&quot;image_spacing_custom_mobile&quot;:{&quot;unit&quot;:&quot;px&quot;,&quot;size&quot;:&quot;&quot;,&quot;sizes&quot;:[]}}\" data-widget_type=\"image-carousel.default\">\n\t\t\t\t<div class=\"elementor-widget-container\">\n\t\t\t\t\t\t\t<div class=\"elementor-image-carousel-wrapper swiper\" role=\"region\" aria-roledescription=\"carousel\" aria-label=\"Carusel de imagini\" dir=\"ltr\">\n\t\t\t<div class=\"elementor-image-carousel swiper-wrapper\" aria-live=\"off\">\n\t\t\t\t\t\t\t\t<div class=\"swiper-slide\" role=\"group\" aria-roledescription=\"slide\" aria-label=\"1 din 7\"><figure class=\"swiper-slide-inner\"><img decoding=\"async\" class=\"swiper-slide-image\" src=\"https:\/\/novaceramic.md\/wp-content\/uploads\/elementor\/thumbs\/about-7-r19kq6pw9g1mtymn7w6wovfmqrlr0h369iull3l5zo.jpg\" alt=\"about-7.jpg\" \/><\/figure><\/div><div class=\"swiper-slide\" role=\"group\" aria-roledescription=\"slide\" aria-label=\"2 din 7\"><figure class=\"swiper-slide-inner\"><img decoding=\"async\" class=\"swiper-slide-image\" src=\"https:\/\/novaceramic.md\/wp-content\/uploads\/elementor\/thumbs\/about-1-r19kq6pw9g1mtymn7w6wovfmqrlr0h369iull3l5zo.jpg\" alt=\"about-1.jpg\" \/><\/figure><\/div><div class=\"swiper-slide\" role=\"group\" aria-roledescription=\"slide\" aria-label=\"3 din 7\"><figure class=\"swiper-slide-inner\"><img decoding=\"async\" class=\"swiper-slide-image\" src=\"https:\/\/novaceramic.md\/wp-content\/uploads\/elementor\/thumbs\/about-2-r19kq6pw9g1mtymn7w6wovfmqrlr0h369iull3l5zo.jpg\" alt=\"about-2.jpg\" \/><\/figure><\/div><div class=\"swiper-slide\" role=\"group\" aria-roledescription=\"slide\" aria-label=\"4 din 7\"><figure class=\"swiper-slide-inner\"><img decoding=\"async\" class=\"swiper-slide-image\" src=\"https:\/\/novaceramic.md\/wp-content\/uploads\/elementor\/thumbs\/about-3-r19kq6pw9g1mtymn7w6wovfmqrlr0h369iull3l5zo.jpg\" alt=\"about-3.jpg\" \/><\/figure><\/div><div class=\"swiper-slide\" role=\"group\" aria-roledescription=\"slide\" aria-label=\"5 din 7\"><figure class=\"swiper-slide-inner\"><img decoding=\"async\" class=\"swiper-slide-image\" src=\"https:\/\/novaceramic.md\/wp-content\/uploads\/elementor\/thumbs\/about-4-r19kq6pw9g1mtymn7w6wovfmqrlr0h369iull3l5zo.jpg\" alt=\"about-4.jpg\" \/><\/figure><\/div><div class=\"swiper-slide\" role=\"group\" aria-roledescription=\"slide\" aria-label=\"6 din 7\"><figure class=\"swiper-slide-inner\"><img decoding=\"async\" class=\"swiper-slide-image\" src=\"https:\/\/novaceramic.md\/wp-content\/uploads\/elementor\/thumbs\/about-5-r19kq6pw9g1mtymn7w6wovfmqrlr0h369iull3l5zo.jpg\" alt=\"about-5.jpg\" \/><\/figure><\/div><div class=\"swiper-slide\" role=\"group\" aria-roledescription=\"slide\" aria-label=\"7 din 7\"><figure class=\"swiper-slide-inner\"><img decoding=\"async\" class=\"swiper-slide-image\" src=\"https:\/\/novaceramic.md\/wp-content\/uploads\/elementor\/thumbs\/about-6-r19kq6pw9g1mtymn7w6wovfmqrlr0h369iull3l5zo.jpg\" alt=\"about-6.jpg\" \/><\/figure><\/div>\t\t\t<\/div>\n\t\t\t\t\t\t\t\t\t\t\t\t<div class=\"elementor-swiper-button elementor-swiper-button-prev\" role=\"button\" tabindex=\"0\">\n\t\t\t\t\t\t<svg aria-hidden=\"true\" class=\"e-font-icon-svg e-eicon-chevron-left\" viewbox=\"0 0 1000 1000\" xmlns=\"http:\/\/www.w3.org\/2000\/svg\"><path d=\"M646 125C629 125 613 133 604 142L308 442C296 454 292 471 292 487 292 504 296 521 308 533L604 854C617 867 629 875 646 875 663 875 679 871 692 858 704 846 713 829 713 812 713 796 708 779 692 767L438 487 692 225C700 217 708 204 708 187 708 171 704 154 692 142 675 129 663 125 646 125Z\"><\/path><\/svg>\t\t\t\t\t<\/div>\n\t\t\t\t\t<div class=\"elementor-swiper-button elementor-swiper-button-next\" role=\"button\" tabindex=\"0\">\n\t\t\t\t\t\t<svg aria-hidden=\"true\" class=\"e-font-icon-svg e-eicon-chevron-right\" viewbox=\"0 0 1000 1000\" xmlns=\"http:\/\/www.w3.org\/2000\/svg\"><path d=\"M696 533C708 521 713 504 713 487 713 471 708 454 696 446L400 146C388 133 375 125 354 125 338 125 325 129 313 142 300 154 292 171 292 187 292 204 296 221 308 233L563 492 304 771C292 783 288 800 288 817 288 833 296 850 308 863 321 871 338 875 354 875 371 875 388 867 400 854L696 533Z\"><\/path><\/svg>\t\t\t\t\t<\/div>\n\t\t\t\t\n\t\t\t\t\t\t\t\t\t<\/div>\n\t\t\t\t\t\t<\/div>\n\t\t\t\t<\/div>\n\t\t\t\t\t<\/div>\n\t\t\t\t<\/div>\n\t\t\t\t<\/div>","protected":false},"excerpt":{"rendered":"<p>Prima pagin\u0103 Prima pagin\u0103 Despre noi Aducem natura \u00een starea ta Din pere\u021bi \u00een locul pe care \u00eel nume\u0219ti acas\u0103.Nova<\/p>","protected":false},"author":1,"featured_media":0,"parent":0,"menu_order":0,"comment_status":"closed","ping_status":"closed","template":"","meta":{"footnotes":""},"class_list":["post-69","page","type-page","status-publish","hentry"],"acf":[],"_links":{"self":[{"href":"https:\/\/novaceramic.md\/ru\/wp-json\/wp\/v2\/pages\/69","targetHints":{"allow":["GET"]}}],"collection":[{"href":"https:\/\/novaceramic.md\/ru\/wp-json\/wp\/v2\/pages"}],"about":[{"href":"https:\/\/novaceramic.md\/ru\/wp-json\/wp\/v2\/types\/page"}],"author":[{"embeddable":true,"href":"https:\/\/novaceramic.md\/ru\/wp-json\/wp\/v2\/users\/1"}],"replies":[{"embeddable":true,"href":"https:\/\/novaceramic.md\/ru\/wp-json\/wp\/v2\/comments?post=69"}],"version-history":[{"count":61,"href":"https:\/\/novaceramic.md\/ru\/wp-json\/wp\/v2\/pages\/69\/revisions"}],"predecessor-version":[{"id":8292,"href":"https:\/\/novaceramic.md\/ru\/wp-json\/wp\/v2\/pages\/69\/revisions\/8292"}],"wp:attachment":[{"href":"https:\/\/novaceramic.md\/ru\/wp-json\/wp\/v2\/media?parent=69"}],"curies":[{"name":"wp","href":"https:\/\/api.w.org\/{rel}","templated":true}]}}