{"id":73,"date":"2023-02-06T15:53:47","date_gmt":"2023-02-06T15:53:47","guid":{"rendered":"https:\/\/test1.novaceramic.md\/?page_id=73"},"modified":"2025-01-17T11:50:38","modified_gmt":"2025-01-17T11:50:38","slug":"contacte","status":"publish","type":"page","link":"https:\/\/novaceramic.md\/ru\/contacte\/","title":{"rendered":"\u041a\u043e\u043d\u0442\u0430\u043a\u0442\u044b"},"content":{"rendered":"<div data-elementor-type=\"wp-page\" data-elementor-id=\"73\" class=\"elementor elementor-73\" data-elementor-post-type=\"page\">\n\t\t\t\t<div class=\"elementor-element elementor-element-e428e95 wd-section-stretch-content e-flex e-con-boxed e-con e-parent\" data-id=\"e428e95\" data-element_type=\"container\" data-settings=\"{&quot;background_background&quot;:&quot;classic&quot;}\">\n\t\t\t\t\t<div class=\"e-con-inner\">\n\t\t\t\t<div class=\"elementor-element elementor-element-cc1311d wd-el-breadcrumbs text-left elementor-widget elementor-widget-wd_wc_breadcrumb\" data-id=\"cc1311d\" data-element_type=\"widget\" data-widget_type=\"wd_wc_breadcrumb.default\">\n\t\t\t\t<div class=\"elementor-widget-container\">\n\t\t\t\t\t<nav class=\"wd-breadcrumbs woocommerce-breadcrumb\" aria-label=\"Breadcrumb\">\t\t\t\t<span class=\"wd-last\">\n\t\t\t\t\t\u0413\u043b\u0430\u0432\u043d\u0430\u044f\t\t\t\t<\/span>\n\t\t\t<\/nav>\t\t\t\t<\/div>\n\t\t\t\t<\/div>\n\t\t\t\t<div class=\"elementor-element elementor-element-b18d753 elementor-widget elementor-widget-heading\" data-id=\"b18d753\" data-element_type=\"widget\" data-widget_type=\"heading.default\">\n\t\t\t\t<div class=\"elementor-widget-container\">\n\t\t\t\t\t<h2 class=\"elementor-heading-title elementor-size-default\">\u041a\u043e\u043d\u0442\u0430\u043a\u0442\u044b<\/h2>\t\t\t\t<\/div>\n\t\t\t\t<\/div>\n\t\t\t\t\t<\/div>\n\t\t\t\t<\/div>\n\t\t<div class=\"elementor-element elementor-element-3be87d8 wd-section-stretch-content e-flex e-con-boxed e-con e-parent\" data-id=\"3be87d8\" data-element_type=\"container\" data-settings=\"{&quot;background_background&quot;:&quot;classic&quot;}\">\n\t\t\t\t\t<div class=\"e-con-inner\">\n\t\t<div class=\"elementor-element elementor-element-0c8bf6f e-con-full e-flex e-con e-child\" data-id=\"0c8bf6f\" data-element_type=\"container\">\n\t\t<div class=\"elementor-element elementor-element-52f61ac e-con-full e-flex e-con e-child\" data-id=\"52f61ac\" data-element_type=\"container\">\n\t\t\t\t<div class=\"elementor-element elementor-element-ff0a8b4 elementor-widget__width-inherit elementor-widget elementor-widget-heading\" data-id=\"ff0a8b4\" data-element_type=\"widget\" data-widget_type=\"heading.default\">\n\t\t\t\t<div class=\"elementor-widget-container\">\n\t\t\t\t\t<h2 class=\"elementor-heading-title elementor-size-default\">\u041a\u043e\u043d\u0442\u0430\u043a\u0442\u043d\u044b\u0435 \u0434\u0430\u043d\u043d\u044b\u0435<\/h2>\t\t\t\t<\/div>\n\t\t\t\t<\/div>\n\t\t\t\t<\/div>\n\t\t<div class=\"elementor-element elementor-element-9d2ac66 e-con-full e-flex e-con e-child\" data-id=\"9d2ac66\" data-element_type=\"container\">\n\t\t\t\t<div class=\"elementor-element elementor-element-31bc28a elementor-widget elementor-widget-heading\" data-id=\"31bc28a\" data-element_type=\"widget\" data-widget_type=\"heading.default\">\n\t\t\t\t<div class=\"elementor-widget-container\">\n\t\t\t\t\t<h2 class=\"elementor-heading-title elementor-size-default\">\u0413\u0440\u0430\u0444\u0438\u043a \u0440\u0430\u0431\u043e\u0442\u044b:<\/h2>\t\t\t\t<\/div>\n\t\t\t\t<\/div>\n\t\t\t\t<div class=\"elementor-element elementor-element-9fa9c86 color-scheme-inherit text-left elementor-widget elementor-widget-text-editor\" data-id=\"9fa9c86\" data-element_type=\"widget\" data-widget_type=\"text-editor.default\">\n\t\t\t\t<div class=\"elementor-widget-container\">\n\t\t\t\t\t\t\t\t\t<strong>mun. Chi\u0219in\u0103u, Str.Ismail 109:<\/strong>\n<br>\u041f\u043e\u043d\u0435\u0434\u0435\u043b\u044c\u043d\u0438\u043a\u2013\u041f\u044f\u0442\u043d\u0438\u0446\u0430: 9:00 \u2013 19:00\n<br>S\u00e2mb\u0103t\u0103: 9:00 \u2013 17:00\n<br>Duminic\u0103: 9:00 \u2013 15:00\n<br><strong>mun. Chi\u0219in\u0103u, Str. Uzinelor 11\/W:<\/strong>\n<br>Luni-Vineri: 9:00 \u2013 18:00\n<br>S\u00e2mb\u0103t\u0103- Duminic\u0103: 9:00 \u2013 15:00\n<br><strong>or.B\u0103l\u021bi, Nicolae Iorga 15\/C:<\/strong>\n<br>Luni-Vineri: 9:00 \u2013 18:00\n<br>S\u00e2mb\u0103t\u0103- Duminic\u0103: 9:00 \u2013 15:00\t\t\t\t\t\t\t\t<\/div>\n\t\t\t\t<\/div>\n\t\t\t\t<\/div>\n\t\t<div class=\"elementor-element elementor-element-7adbd1a e-con-full e-flex e-con e-child\" data-id=\"7adbd1a\" data-element_type=\"container\">\n\t\t\t\t<div class=\"elementor-element elementor-element-16ef9de elementor-widget elementor-widget-heading\" data-id=\"16ef9de\" data-element_type=\"widget\" data-widget_type=\"heading.default\">\n\t\t\t\t<div class=\"elementor-widget-container\">\n\t\t\t\t\t<h2 class=\"elementor-heading-title elementor-size-default\">\u0410\u0434\u0440\u0435\u0441 Showroom:<\/h2>\t\t\t\t<\/div>\n\t\t\t\t<\/div>\n\t\t\t\t<div class=\"elementor-element elementor-element-dbb20d6 color-scheme-inherit text-left elementor-widget elementor-widget-text-editor\" data-id=\"dbb20d6\" data-element_type=\"widget\" data-widget_type=\"text-editor.default\">\n\t\t\t\t<div class=\"elementor-widget-container\">\n\t\t\t\t\t\t\t\t\t<p>str. Ismail 109,<br>\nmun. Chi\u0219in\u0103u<br>\nstr. Uzinelor 11\/W,<br>\nmun. Chi\u0219in\u0103u<\/p>\t\t\t\t\t\t\t\t<\/div>\n\t\t\t\t<\/div>\n\t\t\t\t<\/div>\n\t\t<div class=\"elementor-element elementor-element-cf17b20 e-con-full e-flex e-con e-child\" data-id=\"cf17b20\" data-element_type=\"container\">\n\t\t\t\t<div class=\"elementor-element elementor-element-740232c elementor-widget elementor-widget-heading\" data-id=\"740232c\" data-element_type=\"widget\" data-widget_type=\"heading.default\">\n\t\t\t\t<div class=\"elementor-widget-container\">\n\t\t\t\t\t<h2 class=\"elementor-heading-title elementor-size-default\">\u0422\u0435\u043b\u0435\u0444\u043e\u043d:<\/h2>\t\t\t\t<\/div>\n\t\t\t\t<\/div>\n\t\t\t\t<div class=\"elementor-element elementor-element-97118c5 color-scheme-inherit text-left elementor-widget elementor-widget-text-editor\" data-id=\"97118c5\" data-element_type=\"widget\" data-widget_type=\"text-editor.default\">\n\t\t\t\t<div class=\"elementor-widget-container\">\n\t\t\t\t\t\t\t\t\t<p><a style=\"color: #939393;\" href=\"tel:+373060343322\">060343322<\/a><br \/><a style=\"color: #939393;\" href=\"tel:+373069997561\">069997561<\/a><\/p>\t\t\t\t\t\t\t\t<\/div>\n\t\t\t\t<\/div>\n\t\t\t\t<\/div>\n\t\t<div class=\"elementor-element elementor-element-7051652 e-con-full e-flex e-con e-child\" data-id=\"7051652\" data-element_type=\"container\">\n\t\t\t\t<div class=\"elementor-element elementor-element-02357dc elementor-widget elementor-widget-heading\" data-id=\"02357dc\" data-element_type=\"widget\" data-widget_type=\"heading.default\">\n\t\t\t\t<div class=\"elementor-widget-container\">\n\t\t\t\t\t<h2 class=\"elementor-heading-title elementor-size-default\">\u042d\u043b\u0435\u043a\u0442\u0440\u043e\u043d\u043d\u0430\u044f \u043f\u043e\u0447\u0442\u0430:<\/h2>\t\t\t\t<\/div>\n\t\t\t\t<\/div>\n\t\t\t\t<div class=\"elementor-element elementor-element-123974c color-scheme-inherit text-left elementor-widget elementor-widget-text-editor\" data-id=\"123974c\" data-element_type=\"widget\" data-widget_type=\"text-editor.default\">\n\t\t\t\t<div class=\"elementor-widget-container\">\n\t\t\t\t\t\t\t\t\t<p><a style=\"color: #939393;\" href=\"mailto:info@novaceramic.md\">info@novaceramic.md<\/a><\/p>\t\t\t\t\t\t\t\t<\/div>\n\t\t\t\t<\/div>\n\t\t\t\t<\/div>\n\t\t<div class=\"elementor-element elementor-element-c8a49fb e-con-full e-flex e-con e-child\" data-id=\"c8a49fb\" data-element_type=\"container\">\n\t\t<div class=\"elementor-element elementor-element-54dd1d1 e-con-full e-flex e-con e-child\" data-id=\"54dd1d1\" data-element_type=\"container\">\n\t\t\t\t<div class=\"elementor-element elementor-element-5b978b8 elementor-widget elementor-widget-html\" data-id=\"5b978b8\" data-element_type=\"widget\" data-widget_type=\"html.default\">\n\t\t\t\t<div class=\"elementor-widget-container\">\n\t\t\t\t\t<iframe src=\"https:\/\/www.google.com\/maps\/embed?pb=!1m18!1m12!1m3!1d2719.8295320209495!2d28.86327317667414!3d47.02395102803!2m3!1f0!2f0!3f0!3m2!1i1024!2i768!4f13.1!3m3!1m2!1s0x40c97c6bb2ffd643%3A0x883ccf243478988d!2sStrada%20Ismail%20109%2C%20MD-2023%2C%20Chi%C8%99in%C4%83u%2C%20Moldova!5e0!3m2!1sen!2s!4v1736085465539!5m2!1sen!2s\" width=\"600\" height=\"300\" style=\"border:0; border-radius: 5px;\" allowfullscreen=\"\" loading=\"lazy\" referrerpolicy=\"no-referrer-when-downgrade\"><\/iframe>\t\t\t\t<\/div>\n\t\t\t\t<\/div>\n\t\t\t\t<\/div>\n\t\t<div class=\"elementor-element elementor-element-34f8f47 e-con-full e-flex e-con e-child\" data-id=\"34f8f47\" data-element_type=\"container\">\n\t\t\t\t<div class=\"elementor-element elementor-element-6367e41 elementor-widget elementor-widget-html\" data-id=\"6367e41\" data-element_type=\"widget\" data-widget_type=\"html.default\">\n\t\t\t\t<div class=\"elementor-widget-container\">\n\t\t\t\t\t<iframe src=\"https:\/\/www.google.com\/maps\/embed?pb=!1m18!1m12!1m3!1d2720.2200037291914!2d28.870894976673675!3d47.0162864285545!2m3!1f0!2f0!3f0!3m2!1i1024!2i768!4f13.1!3m3!1m2!1s0x40c97c0d0f91d629%3A0xa613027376503d6!2sStrada%20Uzinelor%2011%2C%20MD-2023%2C%20Chi%C8%99in%C4%83u%2C%20Moldova!5e0!3m2!1sen!2s!4v1736085565770!5m2!1sen!2s\" width=\"600\" height=\"300\" style=\"border:0; border-radius: 5px;\" allowfullscreen=\"\" loading=\"lazy\" referrerpolicy=\"no-referrer-when-downgrade\"><\/iframe>\t\t\t\t<\/div>\n\t\t\t\t<\/div>\n\t\t\t\t<\/div>\n\t\t\t\t<\/div>\n\t\t\t\t<\/div>\n\t\t<div class=\"elementor-element elementor-element-4ae3a03 e-con-full e-flex e-con e-child\" data-id=\"4ae3a03\" data-element_type=\"container\">\n\t\t\t\t<div class=\"elementor-element elementor-element-f075afb elementor-widget elementor-widget-heading\" data-id=\"f075afb\" data-element_type=\"widget\" data-widget_type=\"heading.default\">\n\t\t\t\t<div class=\"elementor-widget-container\">\n\t\t\t\t\t<h2 class=\"elementor-heading-title elementor-size-default\">\u041e\u0441\u0442\u0430\u0432\u044c\u0442\u0435 \u043d\u0430\u043c \u0441\u043e\u043e\u0431\u0449\u0435\u043d\u0438\u0435<\/h2>\t\t\t\t<\/div>\n\t\t\t\t<\/div>\n\t\t\t\t<div class=\"elementor-element elementor-element-9acd7c4 elementor-button-align-stretch elementor-widget elementor-widget-form\" data-id=\"9acd7c4\" data-element_type=\"widget\" data-settings=\"{&quot;button_width&quot;:&quot;25&quot;,&quot;step_next_label&quot;:&quot;Next&quot;,&quot;step_previous_label&quot;:&quot;Previous&quot;,&quot;step_type&quot;:&quot;number_text&quot;,&quot;step_icon_shape&quot;:&quot;circle&quot;}\" data-widget_type=\"form.default\">\n\t\t\t\t<div class=\"elementor-widget-container\">\n\t\t\t\t\t\t\t<form class=\"elementor-form\" method=\"post\" name=\"New Form\" action=\"\">\n\t\t\t<input type=\"hidden\" name=\"post_id\" value=\"73\"\/>\n\t\t\t<input type=\"hidden\" name=\"form_id\" value=\"9acd7c4\"\/>\n\t\t\t<input type=\"hidden\" name=\"referer_title\" value=\"ContacteNovaCeramic\" \/>\n\n\t\t\t\t\t\t\t<input type=\"hidden\" name=\"queried_id\" value=\"73\"\/>\n\t\t\t\n\t\t\t<div class=\"elementor-form-fields-wrapper elementor-labels-above\">\n\t\t\t\t\t\t\t\t<div class=\"elementor-field-type-text elementor-field-group elementor-column elementor-field-group-name elementor-col-100\">\n\t\t\t\t\t\t\t\t\t\t\t\t<label for=\"form-field-name\" class=\"elementor-field-label\">\n\t\t\t\t\t\t\t\t\u0418\u043c\u044f\t\t\t\t\t\t\t<\/label>\n\t\t\t\t\t\t\t\t\t\t\t\t\t\t<input size=\"1\" type=\"text\" name=\"form_fields[name]\" id=\"form-field-name\" class=\"elementor-field elementor-size-sm  elementor-field-textual\" placeholder=\"\u0418\u043c\u044f, \u0444\u0430\u043c\u0438\u043b\u0438\u044f\">\n\t\t\t\t\t\t\t\t\t\t\t<\/div>\n\t\t\t\t\t\t\t\t<div class=\"elementor-field-type-email elementor-field-group elementor-column elementor-field-group-email elementor-col-100 elementor-field-required\">\n\t\t\t\t\t\t\t\t\t\t\t\t<label for=\"form-field-email\" class=\"elementor-field-label\">\n\t\t\t\t\t\t\t\t\u042d\u043b\u0435\u043a\u0442\u0440\u043e\u043d\u043d\u0430\u044f \u043f\u043e\u0447\u0442\u0430\t\t\t\t\t\t\t<\/label>\n\t\t\t\t\t\t\t\t\t\t\t\t\t\t<input size=\"1\" type=\"email\" name=\"form_fields[email]\" id=\"form-field-email\" class=\"elementor-field elementor-size-sm  elementor-field-textual\" placeholder=\"\u042d\u043b\u0435\u043a\u0442\u0440\u043e\u043d\u043d\u0430\u044f \u043f\u043e\u0447\u0442\u0430\" required=\"required\">\n\t\t\t\t\t\t\t\t\t\t\t<\/div>\n\t\t\t\t\t\t\t\t<div class=\"elementor-field-type-tel elementor-field-group elementor-column elementor-field-group-message elementor-col-100\">\n\t\t\t\t\t\t\t\t\t\t\t\t<label for=\"form-field-message\" class=\"elementor-field-label\">\n\t\t\t\t\t\t\t\t\u0422\u0435\u043b\u0435\u0444\u043e\u043d\t\t\t\t\t\t\t<\/label>\n\t\t\t\t\t\t\t\t<input size=\"1\" type=\"tel\" name=\"form_fields[message]\" id=\"form-field-message\" class=\"elementor-field elementor-size-sm  elementor-field-textual\" placeholder=\"+373\" pattern=\"[0-9()#&amp;+*-=.]+\" title=\"Only numbers and phone characters (#, -, *, etc) are accepted.\">\n\n\t\t\t\t\t\t<\/div>\n\t\t\t\t\t\t\t\t<div class=\"elementor-field-type-textarea elementor-field-group elementor-column elementor-field-group-field_576d0be elementor-col-100\">\n\t\t\t\t\t\t\t\t\t\t\t\t<label for=\"form-field-field_576d0be\" class=\"elementor-field-label\">\n\t\t\t\t\t\t\t\t\u0421\u043e\u043e\u0431\u0449\u0435\u043d\u0438\u0435\t\t\t\t\t\t\t<\/label>\n\t\t\t\t\t\t<textarea class=\"elementor-field-textual elementor-field  elementor-size-sm\" name=\"form_fields[field_576d0be]\" id=\"form-field-field_576d0be\" rows=\"4\" placeholder=\"\u041e\u0441\u0442\u0430\u0432\u044c\u0442\u0435 \u043d\u0430\u043c \u0441\u043e\u043e\u0431\u0449\u0435\u043d\u0438\u0435...\"><\/textarea>\t\t\t\t<\/div>\n\t\t\t\t\t\t\t\t<div class=\"elementor-field-group elementor-column elementor-field-type-submit elementor-col-25 e-form__buttons\">\n\t\t\t\t\t<button class=\"elementor-button elementor-size-sm\" type=\"submit\">\n\t\t\t\t\t\t<span class=\"elementor-button-content-wrapper\">\n\t\t\t\t\t\t\t\t\t\t\t\t\t\t\t\t\t\t\t\t\t\t<span class=\"elementor-button-text\">\u041e\u0442\u043f\u0440\u0430\u0432\u0438\u0442\u044c<\/span>\n\t\t\t\t\t\t\t\t\t\t\t\t\t<\/span>\n\t\t\t\t\t<\/button>\n\t\t\t\t<\/div>\n\t\t\t<\/div>\n\t\t<input type=\"hidden\" name=\"trp-form-language\" value=\"ru\"\/><\/form>\n\t\t\t\t\t\t<\/div>\n\t\t\t\t<\/div>\n\t\t\t\t<\/div>\n\t\t\t\t\t<\/div>\n\t\t\t\t<\/div>\n\t\t\t\t<\/div>","protected":false},"excerpt":{"rendered":"<p>Prima pagin\u0103 Contacte Date de contact Orar de lucru: mun. Chi\u0219in\u0103u, Str.Ismail 109: Luni-Vineri: 9:00 \u2013 19:00 S\u00e2mb\u0103t\u0103: 9:00 \u2013<\/p>","protected":false},"author":1,"featured_media":0,"parent":0,"menu_order":0,"comment_status":"closed","ping_status":"closed","template":"","meta":{"footnotes":""},"class_list":["post-73","page","type-page","status-publish","hentry"],"acf":[],"_links":{"self":[{"href":"https:\/\/novaceramic.md\/ru\/wp-json\/wp\/v2\/pages\/73","targetHints":{"allow":["GET"]}}],"collection":[{"href":"https:\/\/novaceramic.md\/ru\/wp-json\/wp\/v2\/pages"}],"about":[{"href":"https:\/\/novaceramic.md\/ru\/wp-json\/wp\/v2\/types\/page"}],"author":[{"embeddable":true,"href":"https:\/\/novaceramic.md\/ru\/wp-json\/wp\/v2\/users\/1"}],"replies":[{"embeddable":true,"href":"https:\/\/novaceramic.md\/ru\/wp-json\/wp\/v2\/comments?post=73"}],"version-history":[{"count":34,"href":"https:\/\/novaceramic.md\/ru\/wp-json\/wp\/v2\/pages\/73\/revisions"}],"predecessor-version":[{"id":8626,"href":"https:\/\/novaceramic.md\/ru\/wp-json\/wp\/v2\/pages\/73\/revisions\/8626"}],"wp:attachment":[{"href":"https:\/\/novaceramic.md\/ru\/wp-json\/wp\/v2\/media?parent=73"}],"curies":[{"name":"wp","href":"https:\/\/api.w.org\/{rel}","templated":true}]}}